{"id":82,"date":"2016-08-26T20:22:42","date_gmt":"2016-08-26T18:22:42","guid":{"rendered":"http:\/\/www.birgitramsauer.net\/mbr\/?page_id=82"},"modified":"2018-01-03T12:05:30","modified_gmt":"2018-01-03T11:05:30","slug":"die-heimsucher-und-kosmopolit","status":"publish","type":"page","link":"http:\/\/www.birgitramsauer.net\/mbr\/art\/performances\/die-heimsucher-und-kosmopolit\/","title":{"rendered":"Die Heimsucher und der Kosmopolit"},"content":{"rendered":"<h4>Die Heimsucher und der Kosmopolit<\/h4>\n<p>.<\/p>\n<p><strong>Potsdam Germany&nbsp;<\/strong><strong>M\u00e4rz 2011<\/strong><\/p>\n<p><strong>Auff\u00fchrung<\/strong><br \/>\nLocalize Heimatfestival Potsdam<br \/>\n<strong>Datum, Adresse<\/strong><br \/>\nFreitag, 24. Juni, 17 Uhr, Sellostra\u00dfe 30, Potsdam<br \/>\nFreitag. 24. Juni, 22 Uhr, Villa des Herrn von Holst, Geschwister-Scholl-Stra\u00dfe 51, Potsdam<br \/>\n<strong>Kollaboration<\/strong><br \/>\nOxymoron Dance Company, Potsdam<br \/>\n<strong>Regie<\/strong><br \/>\nAnja Kozik\/Birgit Ramsauer<br \/>\n<strong>Performance und B\u00fchnenbild<\/strong><br \/>\nBirgit Ramsauer<br \/>\n<strong>Fr\u00fchere Auff\u00fchrungen<\/strong><br \/>\n4.\/5. M\u00e4rz 2011, T-Werk, Potsdam<\/p>\n\n\n<div class=\"ngg-galleryoverview ngg-slideshow\"\n\t id=\"ngg-slideshow-ab3105232e085d1f9868fe37736b70c5-8580646360\"\n     data-gallery-id=\"ab3105232e085d1f9868fe37736b70c5\"\n     style=\"max-width: 600px; max-height: 400px;\">\n\n \t<div id=\"ngg-image-0\" class=\"ngg-gallery-slideshow-image\" style=\"height:400px\">\n\n        <a href=\"http:\/\/www.birgitramsauer.net\/mbr\/wp-content\/gallery\/heimsucher\/agiundjuleinbndern01bearblau.jpg\"\n           title=\"Agi und Jule in Bindern 01 bear blau\"\n           data-src=\"http:\/\/www.birgitramsauer.net\/mbr\/wp-content\/gallery\/heimsucher\/agiundjuleinbndern01bearblau.jpg\"\n           data-thumbnail=\"http:\/\/www.birgitramsauer.net\/mbr\/wp-content\/gallery\/heimsucher\/thumbs\/thumbs_agiundjuleinbndern01bearblau.jpg\"\n           data-image-id=\"19\"\n           data-title=\"agiundjuleinbndern01bearblau\"\n           data-description=\"Agi und Jule in Bindern 01 bear blau\"\n           class=\"ngg-fancybox\" rel=\"ab3105232e085d1f9868fe37736b70c5\">\n\n            <img data-image-id='19'\n                 title=\"Agi und Jule in Bindern 01 bear blau\"\n                 alt=\"agiundjuleinbndern01bearblau\"\n                 src=\"http:\/\/www.birgitramsauer.net\/mbr\/wp-content\/gallery\/heimsucher\/agiundjuleinbndern01bearblau.jpg\"\n                 style=\"max-height: 380px;\"\/>\n        <\/a>\n\n        <\/div> \n<div id=\"ngg-image-1\" class=\"ngg-gallery-slideshow-image\" style=\"height:400px\">\n\n        <a href=\"http:\/\/www.birgitramsauer.net\/mbr\/wp-content\/gallery\/heimsucher\/agiundjuleinbndern01beargrn.jpg\"\n           title=\"&nbsp;\"\n           data-src=\"http:\/\/www.birgitramsauer.net\/mbr\/wp-content\/gallery\/heimsucher\/agiundjuleinbndern01beargrn.jpg\"\n           data-thumbnail=\"http:\/\/www.birgitramsauer.net\/mbr\/wp-content\/gallery\/heimsucher\/thumbs\/thumbs_agiundjuleinbndern01beargrn.jpg\"\n           data-image-id=\"20\"\n           data-title=\"agiundjuleinbndern01beargrn\"\n           data-description=\"&nbsp;\"\n           class=\"ngg-fancybox\" rel=\"ab3105232e085d1f9868fe37736b70c5\">\n\n            <img data-image-id='20'\n                 title=\"&nbsp;\"\n                 alt=\"agiundjuleinbndern01beargrn\"\n                 src=\"http:\/\/www.birgitramsauer.net\/mbr\/wp-content\/gallery\/heimsucher\/agiundjuleinbndern01beargrn.jpg\"\n                 style=\"max-height: 380px;\"\/>\n        <\/a>\n\n        <\/div> \n<div id=\"ngg-image-2\" class=\"ngg-gallery-slideshow-image\" style=\"height:400px\">\n\n        <a href=\"http:\/\/www.birgitramsauer.net\/mbr\/wp-content\/gallery\/heimsucher\/agiundjuleinbndern01bearrot.jpg\"\n           title=\"&nbsp;\"\n           data-src=\"http:\/\/www.birgitramsauer.net\/mbr\/wp-content\/gallery\/heimsucher\/agiundjuleinbndern01bearrot.jpg\"\n           data-thumbnail=\"http:\/\/www.birgitramsauer.net\/mbr\/wp-content\/gallery\/heimsucher\/thumbs\/thumbs_agiundjuleinbndern01bearrot.jpg\"\n           data-image-id=\"21\"\n           data-title=\"agiundjuleinbndern01bearrot\"\n           data-description=\"&nbsp;\"\n           class=\"ngg-fancybox\" rel=\"ab3105232e085d1f9868fe37736b70c5\">\n\n            <img data-image-id='21'\n                 title=\"&nbsp;\"\n                 alt=\"agiundjuleinbndern01bearrot\"\n                 src=\"http:\/\/www.birgitramsauer.net\/mbr\/wp-content\/gallery\/heimsucher\/agiundjuleinbndern01bearrot.jpg\"\n                 style=\"max-height: 380px;\"\/>\n        <\/a>\n\n        <\/div> \n<div id=\"ngg-image-3\" class=\"ngg-gallery-slideshow-image\" style=\"height:400px\">\n\n        <a href=\"http:\/\/www.birgitramsauer.net\/mbr\/wp-content\/gallery\/heimsucher\/juleimwrfelbear.jpg\"\n           title=\"&nbsp;\"\n           data-src=\"http:\/\/www.birgitramsauer.net\/mbr\/wp-content\/gallery\/heimsucher\/juleimwrfelbear.jpg\"\n           data-thumbnail=\"http:\/\/www.birgitramsauer.net\/mbr\/wp-content\/gallery\/heimsucher\/thumbs\/thumbs_juleimwrfelbear.jpg\"\n           data-image-id=\"22\"\n           data-title=\"juleimwrfelbear\"\n           data-description=\"&nbsp;\"\n           class=\"ngg-fancybox\" rel=\"ab3105232e085d1f9868fe37736b70c5\">\n\n            <img data-image-id='22'\n                 title=\"&nbsp;\"\n                 alt=\"juleimwrfelbear\"\n                 src=\"http:\/\/www.birgitramsauer.net\/mbr\/wp-content\/gallery\/heimsucher\/juleimwrfelbear.jpg\"\n                 style=\"max-height: 380px;\"\/>\n        <\/a>\n\n        <\/div> \n<\/div>\n\n\n\n\n<p>In dem St\u00fcck wagen wir uns nach &#8220;draussen&#8221;, dies ist im w\u00f6rtlichen Sinne zu verstehen: Wie viel Architektur vertr\u00e4gt der Mensch? Die Begegnung der K\u00fcnstlerin Birgit Ramsauer, die sich als Performance K\u00fcnstlerin angstfrei durch unterschiedliche Genre der Kunst bewegt, Stimmungen unterschiedlicher Orte auf der Welt aufgreift, Objekte zu Subjekten einer Geschichte werden l\u00e4\u00dft, Dinge auf den Kopf stellt, lassen in der Truppe der Oxymoron Dance Colmpany unter der Leitung von Anja Kozik Fragen akut werden. Man k\u00f6nnte meinen, sie hat auch die Truppe \u201eauf den Kopf\u201c gestellt. Sie ist Kosmopolitin, f\u00fchlt sich scheinbar \u00fcberall zu Haus. Dieses scheinbar ist eine Frage, der wir nachgehen wollen. Wie viel Heimat vertragen, suchen wir. K\u00f6nnen wir als staatenlose Weltb\u00fcrger existieren \u2013 wo liegt die Synthese aus<\/p>\n<p>partikularistischer und universeller Motivation? Gerade die Ver\u00e4nderungen auf dem vertrauten Gel\u00e4nde, das pl\u00f6tzlich unnahbar und riesig erscheint, geben den Ansto0 f\u00fcr die aufgeworfene Frage.<br \/>\nWoran glauben wir?<br \/>\nEs ist ein Forschungsprozess der Truppe und der Performancek\u00fcnstlerin Birgit Ramsauer.<br \/>\nAuf der Suche nach einer darstellenden Essenz werden Birgit Ramsauer, T\u00e4nzer und Musiker unter Regie von Anja Kozik nach eigenen Wegen suchen, einander beobachten und hinterfragen, um dann aus der Phase des kreativen Belauerns heraus in den Dialog der verschiedenen Ausdrucksformen zu treten.<br \/>\nEs ist ein Experiment mit offenem Ausgang!<\/p>\n<p>.<\/p>\n<p><iframe loading=\"lazy\" src=\"https:\/\/www.youtube.com\/embed\/gysJhHjZ_Jc\" width=\"450\" height=\"263\" frameborder=\"0\" allowfullscreen=\"allowfullscreen\"><\/iframe><\/p>\n","protected":false},"excerpt":{"rendered":"<p>Die Heimsucher und der Kosmopolit . Potsdam Germany&nbsp;M\u00e4rz 2011 Auff\u00fchrung Localize Heimatfestival Potsdam Datum, Adresse Freitag, 24. Juni, 17 Uhr, Sellostra\u00dfe 30, Potsdam Freitag. 24. Juni, 22 Uhr, Villa des Herrn von Holst, Geschwister-Scholl-Stra\u00dfe 51, Potsdam Kollaboration Oxymoron Dance Company, Potsdam Regie Anja Kozik\/Birgit Ramsauer Performance und B\u00fchnenbild Birgit Ramsauer Fr\u00fchere Auff\u00fchrungen 4.\/5. M\u00e4rz 2011, [&hellip;]<\/p>\n","protected":false},"author":1,"featured_media":0,"parent":54,"menu_order":1020,"comment_status":"closed","ping_status":"closed","template":"text-mitte.php","meta":{"ngg_post_thumbnail":0,"_links_to":"","_links_to_target":""},"_links":{"self":[{"href":"http:\/\/www.birgitramsauer.net\/mbr\/wp-json\/wp\/v2\/pages\/82"}],"collection":[{"href":"http:\/\/www.birgitramsauer.net\/mbr\/wp-json\/wp\/v2\/pages"}],"about":[{"href":"http:\/\/www.birgitramsauer.net\/mbr\/wp-json\/wp\/v2\/types\/page"}],"author":[{"embeddable":true,"href":"http:\/\/www.birgitramsauer.net\/mbr\/wp-json\/wp\/v2\/users\/1"}],"replies":[{"embeddable":true,"href":"http:\/\/www.birgitramsauer.net\/mbr\/wp-json\/wp\/v2\/comments?post=82"}],"version-history":[{"count":43,"href":"http:\/\/www.birgitramsauer.net\/mbr\/wp-json\/wp\/v2\/pages\/82\/revisions"}],"predecessor-version":[{"id":1104,"href":"http:\/\/www.birgitramsauer.net\/mbr\/wp-json\/wp\/v2\/pages\/82\/revisions\/1104"}],"up":[{"embeddable":true,"href":"http:\/\/www.birgitramsauer.net\/mbr\/wp-json\/wp\/v2\/pages\/54"}],"wp:attachment":[{"href":"http:\/\/www.birgitramsauer.net\/mbr\/wp-json\/wp\/v2\/media?parent=82"}],"curies":[{"name":"wp","href":"https:\/\/api.w.org\/{rel}","templated":true}]}}