{"id":464,"date":"2016-09-05T14:42:08","date_gmt":"2016-09-05T12:42:08","guid":{"rendered":"http:\/\/www.birgitramsauer.net\/mbr\/?page_id=464"},"modified":"2021-09-14T15:58:54","modified_gmt":"2021-09-14T13:58:54","slug":"18-szenen-mit-meier","status":"publish","type":"page","link":"http:\/\/www.birgitramsauer.net\/mbr\/art\/performances\/18-szenen-mit-meier\/","title":{"rendered":"&#8220;18 Szenen mit Meier&#8221;"},"content":{"rendered":"<h4>&#8220;18 Szenen mit Meier&#8221;<\/h4>\n<p>.<\/p>\n<p><iframe loading=\"lazy\" src=\"https:\/\/www.youtube.com\/embed\/3tY6Pa1wRqY\" title=\"YouTube video player\" allow=\"accelerometer; autoplay; clipboard-write; encrypted-media; gyroscope; picture-in-picture\" allowfullscreen=\"\" width=\"560\" height=\"315\" frameborder=\"0\"><\/iframe><br \/>\n&nbsp;<\/p>\n<p><a href=\"https:\/\/arpmuseum.org\/ausstellungen\/wechselausstellungen\/rueckblick\/buehnenreif-1-akt-19002016.html\" target=\"_blank\" rel=\"noopener\">Imagin\u00e4re Performances, Arp Museum, permanente Soundinstallation<\/a><\/p>\n<p>.<\/p>\n<p>Das Museum als ein St\u00fcck Welttheater:<br \/>\nArchitektur, Kunst, Landschaft, Geschichte, Geschichten.<\/p>\n<p>&nbsp;<\/p>\n<p>Das alles nehme ich als Performerin auf.<br \/>\nDabei begegnen mir auf leisen Schwingen Worte und Bilder der Gedichte von Arp.<br \/>\nEin neues St\u00fcck entsteht:<\/p>\n<p>&nbsp;<\/p>\n<p><strong>\u201eMeier in 18 Szenen\u201c<\/strong><\/p>\n<p>&nbsp;<\/p>\n<p>Das Abenteuer beginnt mit dem Mikrophon. Ihm erz\u00e4hle ich, was das Geb\u00e4ude, die Mauern, die&nbsp;W\u00e4nde, die Leerheit einer gef\u00fcllten Vergangenheit mir gibt . Ich drehe mich im Kreis, laufe W\u00e4nde hoch, schaue durch Gesichter und drehe L\u00fcster. Es schweben V\u00f6gel auf lichternen Zuckerwatteballen vorbei, schubsen Gem\u00e4lde in den Aufzug. Die R\u00f6hre unter den Geleisen dreht sich knirschend. Die Beine im Aufzug werden l\u00e4nger und l\u00e4nger. Ein Rheinkahn dr\u00e4ngelt durch den Eingang und verschwindet wie der rote K\u00f6nig im Berg. Wassergeschw\u00e4ngerte Waldh\u00e4nge, vorbeirauschende Z\u00fcge, die \u00dcberf\u00fclle der Kraft des Lichts, des Neuanfangs, der Leichtigkeit der Wolken: Meine Bewegungskr\u00e4fte werden Teil einer Geschichte, die neu geboren wird. Das St\u00fcck in 18 Szenen von der wei\u00dfen Rheinburg des Architekten Meier.&nbsp;Die wei\u00dfe Burg hat am Ende alles aufgesogen \u2013 auch mich.<\/p>\n<p>&nbsp;<\/p>\n<p>Als ich wieder bei Dir bin, kleiner Hund, in der privaten Klause der Mitarbeiter des Museums, bin ich leer und m\u00fcde &#8211; und gl\u00fccklich. Das St\u00fcck hat mich geschrieben, ohne Komma und Punkt. Ich habe der Architekturb\u00fchne zugeh\u00f6rt auf ihrem Weg zum Drama. Ich liebe das Wort, die Bewegung, den Raum, sein Echo, das ist meine zweite Haut. Die Magie des Klangs in einem Schwingen der Luft.&nbsp;Und ich h\u00f6r hin und notiere. Die Bilder im Kopf gehen ein in den K\u00f6rper und werden Wort und Ton.<\/p>\n<p>&nbsp;<\/p>\n<p>Die \u00dcberlieferung hat neu begonnen.<\/p>\n","protected":false},"excerpt":{"rendered":"<p>&#8220;18 Szenen mit Meier&#8221; . &nbsp; Imagin\u00e4re Performances, Arp Museum, permanente Soundinstallation . Das Museum als ein St\u00fcck Welttheater: Architektur, Kunst, Landschaft, Geschichte, Geschichten. &nbsp; Das alles nehme ich als Performerin auf. Dabei begegnen mir auf leisen Schwingen Worte und Bilder der Gedichte von Arp. Ein neues St\u00fcck entsteht: &nbsp; \u201eMeier in 18 Szenen\u201c &nbsp; [&hellip;]<\/p>\n","protected":false},"author":1,"featured_media":0,"parent":54,"menu_order":1000,"comment_status":"closed","ping_status":"closed","template":"text-mitte.php","meta":{"ngg_post_thumbnail":0,"_links_to":"","_links_to_target":""},"_links":{"self":[{"href":"http:\/\/www.birgitramsauer.net\/mbr\/wp-json\/wp\/v2\/pages\/464"}],"collection":[{"href":"http:\/\/www.birgitramsauer.net\/mbr\/wp-json\/wp\/v2\/pages"}],"about":[{"href":"http:\/\/www.birgitramsauer.net\/mbr\/wp-json\/wp\/v2\/types\/page"}],"author":[{"embeddable":true,"href":"http:\/\/www.birgitramsauer.net\/mbr\/wp-json\/wp\/v2\/users\/1"}],"replies":[{"embeddable":true,"href":"http:\/\/www.birgitramsauer.net\/mbr\/wp-json\/wp\/v2\/comments?post=464"}],"version-history":[{"count":18,"href":"http:\/\/www.birgitramsauer.net\/mbr\/wp-json\/wp\/v2\/pages\/464\/revisions"}],"predecessor-version":[{"id":1582,"href":"http:\/\/www.birgitramsauer.net\/mbr\/wp-json\/wp\/v2\/pages\/464\/revisions\/1582"}],"up":[{"embeddable":true,"href":"http:\/\/www.birgitramsauer.net\/mbr\/wp-json\/wp\/v2\/pages\/54"}],"wp:attachment":[{"href":"http:\/\/www.birgitramsauer.net\/mbr\/wp-json\/wp\/v2\/media?parent=464"}],"curies":[{"name":"wp","href":"https:\/\/api.w.org\/{rel}","templated":true}]}}