{"id":233,"date":"2016-08-29T15:18:05","date_gmt":"2016-08-29T13:18:05","guid":{"rendered":"http:\/\/www.birgitramsauer.net\/mbr\/?page_id=233"},"modified":"2018-01-05T12:36:47","modified_gmt":"2018-01-05T11:36:47","slug":"maulwurfe","status":"publish","type":"page","link":"http:\/\/www.birgitramsauer.net\/mbr\/art\/performances\/maulwurfe\/","title":{"rendered":"Maulw\u00fcrfe"},"content":{"rendered":"<h4>Maulw\u00fcrfe \/ Moles<\/h4>\n<p>&nbsp;<\/p>\n<p>&nbsp;<\/p>\n<p><strong>Dresden Germany 2008<\/strong><\/p>\n<p>&nbsp;<\/p>\n<p><b>location:<\/b><br \/>\nDeutsche Werkst\u00e4tten, Dresden-Hellerau<\/p>\n<p><b>date:<\/b><br \/>\n2008<\/p>\n<p>&nbsp;<\/p>\n<p>Im Projekt f\u00fcr die Deutschen Werkst\u00e4tten hat Birgit Ramsauer Konzepte f\u00fcr die Kl\u00e4rung der Corporate Identity und zuk\u00fcnftige Entwicklungsm\u00f6glichkeiten der Firma mit Mitteln der Konzeptkunst untersucht und erarbeitet. Ein wichtiger Teil Ihres Projekts waren Performances bei wichtigen Kunden der DWH<\/p>\n<p>&nbsp;<\/p>\n<p><iframe loading=\"lazy\" src=\"\/\/www.youtube.com\/embed\/7oM0yhUR4Og\" width=\"420\" height=\"315\" frameborder=\"0\" allowfullscreen=\"allowfullscreen\"><\/iframe><\/p>\n<p>.<\/p>\n\n\n<div class=\"ngg-galleryoverview ngg-slideshow\"\n\t id=\"ngg-slideshow-f6b242de16bc7358a4960f37790db41c-17108371630\"\n     data-gallery-id=\"f6b242de16bc7358a4960f37790db41c\"\n     style=\"max-width: 600px; max-height: 400px;\">\n\n \t<div id=\"ngg-image-0\" class=\"ngg-gallery-slideshow-image\" style=\"height:400px\">\n\n        <a href=\"http:\/\/www.birgitramsauer.net\/mbr\/wp-content\/gallery\/maulwuerfe\/Maulwuerfe1.jpg\"\n           title=\"\"\n           data-src=\"http:\/\/www.birgitramsauer.net\/mbr\/wp-content\/gallery\/maulwuerfe\/Maulwuerfe1.jpg\"\n           data-thumbnail=\"http:\/\/www.birgitramsauer.net\/mbr\/wp-content\/gallery\/maulwuerfe\/thumbs\/thumbs_Maulwuerfe1.jpg\"\n           data-image-id=\"95\"\n           data-title=\"Maulwuerfe1\"\n           data-description=\"\"\n           class=\"ngg-fancybox\" rel=\"f6b242de16bc7358a4960f37790db41c\">\n\n            <img data-image-id='95'\n                 title=\"\"\n                 alt=\"Maulwuerfe1\"\n                 src=\"http:\/\/www.birgitramsauer.net\/mbr\/wp-content\/gallery\/maulwuerfe\/Maulwuerfe1.jpg\"\n                 style=\"max-height: 380px;\"\/>\n        <\/a>\n\n        <\/div> \n<div id=\"ngg-image-1\" class=\"ngg-gallery-slideshow-image\" style=\"height:400px\">\n\n        <a href=\"http:\/\/www.birgitramsauer.net\/mbr\/wp-content\/gallery\/maulwuerfe\/Maulwuerfe6.jpg\"\n           title=\"\"\n           data-src=\"http:\/\/www.birgitramsauer.net\/mbr\/wp-content\/gallery\/maulwuerfe\/Maulwuerfe6.jpg\"\n           data-thumbnail=\"http:\/\/www.birgitramsauer.net\/mbr\/wp-content\/gallery\/maulwuerfe\/thumbs\/thumbs_Maulwuerfe6.jpg\"\n           data-image-id=\"100\"\n           data-title=\"Maulwuerfe6\"\n           data-description=\"\"\n           class=\"ngg-fancybox\" rel=\"f6b242de16bc7358a4960f37790db41c\">\n\n            <img data-image-id='100'\n                 title=\"\"\n                 alt=\"Maulwuerfe6\"\n                 src=\"http:\/\/www.birgitramsauer.net\/mbr\/wp-content\/gallery\/maulwuerfe\/Maulwuerfe6.jpg\"\n                 style=\"max-height: 380px;\"\/>\n        <\/a>\n\n        <\/div> \n<div id=\"ngg-image-2\" class=\"ngg-gallery-slideshow-image\" style=\"height:400px\">\n\n        <a href=\"http:\/\/www.birgitramsauer.net\/mbr\/wp-content\/gallery\/maulwuerfe\/Maulwuerfe5.jpg\"\n           title=\"\"\n           data-src=\"http:\/\/www.birgitramsauer.net\/mbr\/wp-content\/gallery\/maulwuerfe\/Maulwuerfe5.jpg\"\n           data-thumbnail=\"http:\/\/www.birgitramsauer.net\/mbr\/wp-content\/gallery\/maulwuerfe\/thumbs\/thumbs_Maulwuerfe5.jpg\"\n           data-image-id=\"99\"\n           data-title=\"Maulwuerfe5\"\n           data-description=\"\"\n           class=\"ngg-fancybox\" rel=\"f6b242de16bc7358a4960f37790db41c\">\n\n            <img data-image-id='99'\n                 title=\"\"\n                 alt=\"Maulwuerfe5\"\n                 src=\"http:\/\/www.birgitramsauer.net\/mbr\/wp-content\/gallery\/maulwuerfe\/Maulwuerfe5.jpg\"\n                 style=\"max-height: 380px;\"\/>\n        <\/a>\n\n        <\/div> \n<div id=\"ngg-image-3\" class=\"ngg-gallery-slideshow-image\" style=\"height:400px\">\n\n        <a href=\"http:\/\/www.birgitramsauer.net\/mbr\/wp-content\/gallery\/maulwuerfe\/Maulwuerfe2.jpg\"\n           title=\"\"\n           data-src=\"http:\/\/www.birgitramsauer.net\/mbr\/wp-content\/gallery\/maulwuerfe\/Maulwuerfe2.jpg\"\n           data-thumbnail=\"http:\/\/www.birgitramsauer.net\/mbr\/wp-content\/gallery\/maulwuerfe\/thumbs\/thumbs_Maulwuerfe2.jpg\"\n           data-image-id=\"96\"\n           data-title=\"Maulwuerfe2\"\n           data-description=\"\"\n           class=\"ngg-fancybox\" rel=\"f6b242de16bc7358a4960f37790db41c\">\n\n            <img data-image-id='96'\n                 title=\"\"\n                 alt=\"Maulwuerfe2\"\n                 src=\"http:\/\/www.birgitramsauer.net\/mbr\/wp-content\/gallery\/maulwuerfe\/Maulwuerfe2.jpg\"\n                 style=\"max-height: 380px;\"\/>\n        <\/a>\n\n        <\/div> \n<div id=\"ngg-image-4\" class=\"ngg-gallery-slideshow-image\" style=\"height:400px\">\n\n        <a href=\"http:\/\/www.birgitramsauer.net\/mbr\/wp-content\/gallery\/maulwuerfe\/Maulwuerfe3.jpg\"\n           title=\"\"\n           data-src=\"http:\/\/www.birgitramsauer.net\/mbr\/wp-content\/gallery\/maulwuerfe\/Maulwuerfe3.jpg\"\n           data-thumbnail=\"http:\/\/www.birgitramsauer.net\/mbr\/wp-content\/gallery\/maulwuerfe\/thumbs\/thumbs_Maulwuerfe3.jpg\"\n           data-image-id=\"97\"\n           data-title=\"Maulwuerfe3\"\n           data-description=\"\"\n           class=\"ngg-fancybox\" rel=\"f6b242de16bc7358a4960f37790db41c\">\n\n            <img data-image-id='97'\n                 title=\"\"\n                 alt=\"Maulwuerfe3\"\n                 src=\"http:\/\/www.birgitramsauer.net\/mbr\/wp-content\/gallery\/maulwuerfe\/Maulwuerfe3.jpg\"\n                 style=\"max-height: 380px;\"\/>\n        <\/a>\n\n        <\/div> \n<div id=\"ngg-image-5\" class=\"ngg-gallery-slideshow-image\" style=\"height:400px\">\n\n        <a href=\"http:\/\/www.birgitramsauer.net\/mbr\/wp-content\/gallery\/maulwuerfe\/Maulwuerfe4.jpg\"\n           title=\"\"\n           data-src=\"http:\/\/www.birgitramsauer.net\/mbr\/wp-content\/gallery\/maulwuerfe\/Maulwuerfe4.jpg\"\n           data-thumbnail=\"http:\/\/www.birgitramsauer.net\/mbr\/wp-content\/gallery\/maulwuerfe\/thumbs\/thumbs_Maulwuerfe4.jpg\"\n           data-image-id=\"98\"\n           data-title=\"Maulwuerfe4\"\n           data-description=\"\"\n           class=\"ngg-fancybox\" rel=\"f6b242de16bc7358a4960f37790db41c\">\n\n            <img data-image-id='98'\n                 title=\"\"\n                 alt=\"Maulwuerfe4\"\n                 src=\"http:\/\/www.birgitramsauer.net\/mbr\/wp-content\/gallery\/maulwuerfe\/Maulwuerfe4.jpg\"\n                 style=\"max-height: 380px;\"\/>\n        <\/a>\n\n        <\/div> \n<\/div>\n\n\n\n\n","protected":false},"excerpt":{"rendered":"<p>Maulw\u00fcrfe \/ Moles &nbsp; &nbsp; Dresden Germany 2008 &nbsp; location: Deutsche Werkst\u00e4tten, Dresden-Hellerau date: 2008 &nbsp; Im Projekt f\u00fcr die Deutschen Werkst\u00e4tten hat Birgit Ramsauer Konzepte f\u00fcr die Kl\u00e4rung der Corporate Identity und zuk\u00fcnftige Entwicklungsm\u00f6glichkeiten der Firma mit Mitteln der Konzeptkunst untersucht und erarbeitet. Ein wichtiger Teil Ihres Projekts waren Performances bei wichtigen Kunden der [&hellip;]<\/p>\n","protected":false},"author":1,"featured_media":0,"parent":54,"menu_order":1030,"comment_status":"closed","ping_status":"closed","template":"text-mitte.php","meta":{"ngg_post_thumbnail":0,"_links_to":"","_links_to_target":""},"_links":{"self":[{"href":"http:\/\/www.birgitramsauer.net\/mbr\/wp-json\/wp\/v2\/pages\/233"}],"collection":[{"href":"http:\/\/www.birgitramsauer.net\/mbr\/wp-json\/wp\/v2\/pages"}],"about":[{"href":"http:\/\/www.birgitramsauer.net\/mbr\/wp-json\/wp\/v2\/types\/page"}],"author":[{"embeddable":true,"href":"http:\/\/www.birgitramsauer.net\/mbr\/wp-json\/wp\/v2\/users\/1"}],"replies":[{"embeddable":true,"href":"http:\/\/www.birgitramsauer.net\/mbr\/wp-json\/wp\/v2\/comments?post=233"}],"version-history":[{"count":9,"href":"http:\/\/www.birgitramsauer.net\/mbr\/wp-json\/wp\/v2\/pages\/233\/revisions"}],"predecessor-version":[{"id":1235,"href":"http:\/\/www.birgitramsauer.net\/mbr\/wp-json\/wp\/v2\/pages\/233\/revisions\/1235"}],"up":[{"embeddable":true,"href":"http:\/\/www.birgitramsauer.net\/mbr\/wp-json\/wp\/v2\/pages\/54"}],"wp:attachment":[{"href":"http:\/\/www.birgitramsauer.net\/mbr\/wp-json\/wp\/v2\/media?parent=233"}],"curies":[{"name":"wp","href":"https:\/\/api.w.org\/{rel}","templated":true}]}}