{"id":192,"date":"2016-08-27T21:03:22","date_gmt":"2016-08-27T19:03:22","guid":{"rendered":"http:\/\/www.birgitramsauer.net\/mbr\/?page_id=192"},"modified":"2017-09-21T17:47:47","modified_gmt":"2017-09-21T15:47:47","slug":"schicht-fur-schicht","status":"publish","type":"page","link":"http:\/\/www.birgitramsauer.net\/mbr\/art\/video\/schicht-fur-schicht\/","title":{"rendered":"Schicht f\u00fcr Schicht"},"content":{"rendered":"<h4>Schicht f\u00fcr Schicht<\/h4>\n<p>.<\/p>\n<p>\n <strong>N\u00fcrnberg Germany 2008<\/strong><br \/>\n Eine vertikale Klangachse<br \/>\n <strong>Ort:<\/strong><br \/>\n verschiedene Orte in N\u00fcrnberg<br \/>\n <strong>Kamera:<\/strong><br \/>\n Birgit Ramsauer<br \/>\n <strong>Schnitt:<\/strong><br \/>\n Birgit Ramsauer<br \/>\n <strong>Musik:<\/strong><br \/>\n Heinrich Hartl<br \/>\n <strong>Darsteller:<\/strong><br \/>\n Heinrich Hartl<\/p>\n<p>&nbsp;<\/p>\n<p>In einer vertikalen musikalischen und akustischen Bewegung entdecken der Komponist Heinrich Hartl und die K\u00fcnstlerin Birgit Ramsauer Klangr\u00e4ume der Stadt N\u00fcrnberg neu. Der blinde Komponist Heinrich I Hartl sucht in seiner Heimatstadt N\u00fcrnberg die Orte mit mir auf, die f\u00fcr ihn als Komponist eine herausragende Bedeutung haben. In einem Zusammenklang mit R\u00e4umen hat er f\u00fcr jeden Raum einen musikalisch-akustischen spezifischen Ausdruck gefunden. Aus den Tiefen der unterirdische Gew\u00f6lbe am alten Kanal, zum Kunstbunker zur Instrumentensammlung des Germanischen Nationalmuseums steigen sie auf bis zur Spitze der Lorenzkirche.<\/p>\n<p>&nbsp;<\/p>\n<p>&nbsp;<\/p>\n<p><iframe loading=\"lazy\" src=\"https:\/\/www.youtube.com\/embed\/TeL046XRpes\" width=\"490\" height=\"402\" frameborder=\"0\" allowfullscreen=\"allowfullscreen\"><\/iframe><\/p>\n","protected":false},"excerpt":{"rendered":"<p>Schicht f\u00fcr Schicht . N\u00fcrnberg Germany 2008 Eine vertikale Klangachse Ort: verschiedene Orte in N\u00fcrnberg Kamera: Birgit Ramsauer Schnitt: Birgit Ramsauer Musik: Heinrich Hartl Darsteller: Heinrich Hartl &nbsp; In einer vertikalen musikalischen und akustischen Bewegung entdecken der Komponist Heinrich Hartl und die K\u00fcnstlerin Birgit Ramsauer Klangr\u00e4ume der Stadt N\u00fcrnberg neu. Der blinde Komponist Heinrich I [&hellip;]<\/p>\n","protected":false},"author":1,"featured_media":0,"parent":190,"menu_order":100,"comment_status":"closed","ping_status":"closed","template":"text-mitte.php","meta":{"ngg_post_thumbnail":0,"_links_to":"","_links_to_target":""},"_links":{"self":[{"href":"http:\/\/www.birgitramsauer.net\/mbr\/wp-json\/wp\/v2\/pages\/192"}],"collection":[{"href":"http:\/\/www.birgitramsauer.net\/mbr\/wp-json\/wp\/v2\/pages"}],"about":[{"href":"http:\/\/www.birgitramsauer.net\/mbr\/wp-json\/wp\/v2\/types\/page"}],"author":[{"embeddable":true,"href":"http:\/\/www.birgitramsauer.net\/mbr\/wp-json\/wp\/v2\/users\/1"}],"replies":[{"embeddable":true,"href":"http:\/\/www.birgitramsauer.net\/mbr\/wp-json\/wp\/v2\/comments?post=192"}],"version-history":[{"count":14,"href":"http:\/\/www.birgitramsauer.net\/mbr\/wp-json\/wp\/v2\/pages\/192\/revisions"}],"predecessor-version":[{"id":543,"href":"http:\/\/www.birgitramsauer.net\/mbr\/wp-json\/wp\/v2\/pages\/192\/revisions\/543"}],"up":[{"embeddable":true,"href":"http:\/\/www.birgitramsauer.net\/mbr\/wp-json\/wp\/v2\/pages\/190"}],"wp:attachment":[{"href":"http:\/\/www.birgitramsauer.net\/mbr\/wp-json\/wp\/v2\/media?parent=192"}],"curies":[{"name":"wp","href":"https:\/\/api.w.org\/{rel}","templated":true}]}}