{"id":1557,"date":"2021-05-11T12:53:06","date_gmt":"2021-05-11T10:53:06","guid":{"rendered":"http:\/\/www.birgitramsauer.net\/mbr\/?page_id=1557"},"modified":"2021-05-11T12:54:41","modified_gmt":"2021-05-11T10:54:41","slug":"skulpturenbrueter-2","status":"publish","type":"page","link":"http:\/\/www.birgitramsauer.net\/mbr\/art\/sound\/skulpturenbrueter-2\/","title":{"rendered":"Skulpturenbr\u00fcter"},"content":{"rendered":"<h4>&#8220;Skulpturenbr\u00fcter&#8221; &#8211; &#8220;Imagin\u00e4re Skulpturen&#8221;<\/h4>\n<h4>.<\/h4>\n<h4>&nbsp;<\/h4>\n<p><iframe loading=\"lazy\" width=\"560\" height=\"315\" src=\"https:\/\/www.youtube.com\/embed\/AyZWT6xg1Gg\" title=\"YouTube video player\" frameborder=\"0\" allow=\"accelerometer; autoplay; clipboard-write; encrypted-media; gyroscope; picture-in-picture\" allowfullscreen><\/iframe><br \/>\nSprecherin: Hergard Engert<\/p>\n","protected":false},"excerpt":{"rendered":"<p>&#8220;Skulpturenbr\u00fcter&#8221; &#8211; &#8220;Imagin\u00e4re Skulpturen&#8221; . &nbsp; Sprecherin: Hergard Engert<\/p>\n","protected":false},"author":1,"featured_media":0,"parent":225,"menu_order":540,"comment_status":"closed","ping_status":"closed","template":"text-mitte.php","meta":{"ngg_post_thumbnail":0,"_links_to":"","_links_to_target":""},"_links":{"self":[{"href":"http:\/\/www.birgitramsauer.net\/mbr\/wp-json\/wp\/v2\/pages\/1557"}],"collection":[{"href":"http:\/\/www.birgitramsauer.net\/mbr\/wp-json\/wp\/v2\/pages"}],"about":[{"href":"http:\/\/www.birgitramsauer.net\/mbr\/wp-json\/wp\/v2\/types\/page"}],"author":[{"embeddable":true,"href":"http:\/\/www.birgitramsauer.net\/mbr\/wp-json\/wp\/v2\/users\/1"}],"replies":[{"embeddable":true,"href":"http:\/\/www.birgitramsauer.net\/mbr\/wp-json\/wp\/v2\/comments?post=1557"}],"version-history":[{"count":3,"href":"http:\/\/www.birgitramsauer.net\/mbr\/wp-json\/wp\/v2\/pages\/1557\/revisions"}],"predecessor-version":[{"id":1600,"href":"http:\/\/www.birgitramsauer.net\/mbr\/wp-json\/wp\/v2\/pages\/1557\/revisions\/1600"}],"up":[{"embeddable":true,"href":"http:\/\/www.birgitramsauer.net\/mbr\/wp-json\/wp\/v2\/pages\/225"}],"wp:attachment":[{"href":"http:\/\/www.birgitramsauer.net\/mbr\/wp-json\/wp\/v2\/media?parent=1557"}],"curies":[{"name":"wp","href":"https:\/\/api.w.org\/{rel}","templated":true}]}}