{"id":132,"date":"2016-08-27T15:45:11","date_gmt":"2016-08-27T13:45:11","guid":{"rendered":"http:\/\/www.birgitramsauer.net\/mbr\/?page_id=132"},"modified":"2018-01-06T19:16:22","modified_gmt":"2018-01-06T18:16:22","slug":"links","status":"publish","type":"page","link":"http:\/\/www.birgitramsauer.net\/mbr\/about\/links\/","title":{"rendered":"Links"},"content":{"rendered":"<p><img loading=\"lazy\" class=\"alignnone size-full wp-image-1093\" src=\"http:\/\/www.birgitramsauer.net\/mbr\/wp-content\/uploads\/web-potsdam-Kunstraum-Photo-Ramsauer-500.jpg\" alt=\"\" width=\"337\" height=\"500\" srcset=\"http:\/\/www.birgitramsauer.net\/mbr\/wp-content\/uploads\/web-potsdam-Kunstraum-Photo-Ramsauer-500.jpg 337w, http:\/\/www.birgitramsauer.net\/mbr\/wp-content\/uploads\/web-potsdam-Kunstraum-Photo-Ramsauer-500-300x445.jpg 300w, http:\/\/www.birgitramsauer.net\/mbr\/wp-content\/uploads\/web-potsdam-Kunstraum-Photo-Ramsauer-500-330x490.jpg 330w\" sizes=\"(max-width: 337px) 100vw, 337px\" \/><br \/>\n<span style=\"font-size: 12pt;\">Ausstellungsorte\/Museen\/Galerien<\/span><\/p>\n<p>.<\/p>\n<p>&nbsp;<\/p>\n<p><a href=\"http:\/\/www.artfein.com\/\" target=\"_blank\" rel=\"noopener noreferrer\">artfein galerie berlin<\/a><br \/>\n<a href=\"http:\/\/scottyenterprises.de\/wordpress\/wp-content\/uploads\/2014\/02\/L2D-presse.pdf\" target=\"_blank\" rel=\"noopener\">anstelle von Landschaft<\/a><br \/>\n<a href=\"https:\/\/www.adk.de\/de\/programm\/?we_objectID=25154\" target=\"_blank\" rel=\"noopener\">fff_k festival<\/a><br \/>\n<a href=\"http:\/\/www.objects-journal.com\/news\/article\/opening-alpenglow-at-direktorenhaus\/\" target=\"_blank\" rel=\"noopener\">direktorenhaus illustrate<\/a><br \/>\n<a href=\"http:\/\/kunstfilmfestival.de\/\" target=\"_blank\" rel=\"noopener noreferrer\">Internationales M\u00fcnchner Kunstfilmfestival<\/a><br \/>\n<a href=\"http:\/\/www.bildhauermuseum.de\/ausstellungen\/gerhard-marcks-haus.html\" target=\"_blank\" rel=\"noopener noreferrer\">Gerhard Marcks Haus, Bremen<\/a><br \/>\n<a href=\"http:\/\/www.museum.ru\/N18845\" target=\"_blank\" rel=\"noopener\">Galerie Guelman, Moskau<\/a><br \/>\n<a href=\"http:\/\/www.dna-galerie.de\/kuenstler\/ramsauer\/index_d.html\">DNA Galerie Berlin<\/a><br \/>\n<a href=\"http:\/\/www.dna-galerie.de\/kuenstler\/ramsauer\/mauer\/mauer01_d.html\">DNA walk the wall<\/a><br \/>\n<a href=\"http:\/\/www.galeriehaus-nuernberg-nord.de\/seiten\/ramsauer_11.html\" target=\"_blank\" rel=\"noopener noreferrer\">Galeriehaus Nord, N\u00fcrnberg<\/a><br \/>\n<a href=\"http:\/\/www.direktorenhaus.com\/house\/artists\/spinet-an-experiment-on-total-art-work.html\">Illustrative, Direktorenhaus, Berlin<\/a><br \/>\n<a href=\"http:\/\/www.darmstaedtersezession.de\/veranstaltung\/jahresausstellung-2001\/sezessionspreis-2001\/\" target=\"_blank\" rel=\"noopener noreferrer\">Darmst\u00e4dter Sezession<\/a><br \/>\n<a href=\"http:\/\/www.artificialimage.de\/werkstatt\/referenzen\/\" target=\"_blank\" rel=\"noopener noreferrer\">artificial images Galerie, Berlin<\/a><br \/>\n<a href=\"http:\/\/www.7hours.com\/_Actual_Page\/docs\/008_ARCHIVE\/\/7hsT1_INTROITUS.pdf\">7hours<\/a><br \/>\n<a href=\"http:\/\/www.artcircolo.de\/projekte\/moskau.htm\" target=\"_blank\" rel=\"noopener noreferrer\">Museum f\u00fcr moderne Kunst Moskau<\/a><br \/>\n<a href=\"http:\/\/www.berlinartscouts.de\/birgit_ramsauer.html\">Galerie artscouts Berlin<\/a><br \/>\n<a href=\"http:\/\/www.blindspot.at\/schicht-f-r-schicht-eine-vertikale-klangachse\">Kulturhauptstadt Linz<\/a><br \/>\n<a href=\"http:\/\/www.neue-musik-in-bamberg.de\/10-nm.html\">Tage neue Musik Bamberg<\/a><br \/>\n<a href=\"http:\/\/www.ystad.se\/kultur\/ystads-konstmuseum\/tidigare-utstallningar-2006\/birgit-ramsauer\/\">Kunstmuseum Ystad<\/a><br \/>\n<a href=\"http:\/\/www.kulturhallennuernberg,ning.com\/events\/landschaft-2d\">Kulturhalle N\u00fcrnberg<\/a><br \/>\n<a href=\"http:\/\/www.kunst-im-oeffentlichen-raum-bremen.de\/werke\/kior_art\/show\/jwd-janz-weit-drinnen-janz-weit-draussen.html\" target=\"_blank\" rel=\"noopener\">St\u00e4dtische Galerie, Kunsthalle Bremen<\/a><br \/>\n<a href=\"http:\/\/www.staedtischegalerie-bremen.de\/archiv\/archiv-2007\/himmelssuechtig-bramsauerasinn.html\" target=\"_blank\" rel=\"noopener\">St\u00e4dtische Galerie, Kunsthalle Bremen&nbsp;2007<\/a><br \/>\n<a href=\"http:\/\/www.berlinischegalerie.de\/ausstellungen-berlin\/rueckblick\/2007\/neue-heimat\/\">Berlinische Galerie<\/a><br \/>\n<a href=\"http:\/\/www.frauenmuseum.de\/ausstellungen\/paula.htm\">Frauenmuseum Bonn<\/a><br \/>\n<a href=\"http:\/\/kunstraumpotsdam.de\/2009-2\/t-a-z-temporary-art-zone\/\">Kunstraum Potsdam<\/a><br \/>\n<a href=\"http:\/\/www.insideout-berlin.de\/deutsch\/programm_performance13.html\">Insideout Festifal Berlin<\/a><br \/>\n<a href=\"https:\/\/charite300.charite.de\/fileadmin\/user_upload\/microsites\/sonstiges\/charite300\/downloads\/FFF_K-flyer-klein.pdf\">FFF_K Festival Charite, Akademie der K\u00fcnste<\/a><br \/>\n<a href=\"http:\/\/www.cyclingfilms.de\/filmarchiv\/\">Cycling Films<\/a><\/p>\n<p>&nbsp;<\/p>\n<p>&nbsp;<\/p>\n<h4>Kollegen<\/h4>\n<p>&nbsp;<\/p>\n<p><a href=\"http:\/\/www.hartl-musik.de\/\">Heinrich Hartl<\/a><br \/>\n<a href=\"http:\/\/www.horst-lohse.de\/biografie\">Horst Lohse<\/a><br \/>\n<a href=\"http:\/\/entwurf.agenda-fototext.de\/210-usa+streetart+in+chicag.html\">Karin Desmarowitz<\/a><br \/>\n<a href=\"http:\/\/www.literaturhaus-bremen.de\/autor\/angellika-sinn\">Angelika Sinn<\/a><br \/>\n<a href=\"http:\/\/www.cantonbed.de\/jan2\/pictures\/kneipe\/diekmann\/2010\/x.html\">Canton Bed<\/a><br \/>\n<a href=\"http:\/\/www.thea-herold.com\/zur-person.html\">Thea Herold<\/a><br \/>\n<a href=\"http:\/\/www.jfki.fu-berlin.de\/en\/v\/winold-reiss\/musical_performance\/jens_barnieck\/index.html\">Jens Barnieck<\/a><br \/>\n<a href=\"http:\/\/www.friederbutzmann.de\/videos\/\">Frieder Butzmann<\/a><br \/>\n<a href=\"http:\/\/www.jorindevoigt.com\/blog\/?p=5\">Jorinde Voigt<\/a><br \/>\n<a href=\"http:\/\/www.krosenberger.ch\/windex_cont.htm\">Katharina Rosenberger<\/a><br \/>\n<a href=\"http:\/\/bbbjohannesdeimling.de\/DATEN\/general\/motion%20festival\/Motion4-PerformanceFestival-Berlin-Februar-2008.pdf\">bbbjohannes deimling<\/a><br \/>\n<a href=\"http:\/\/www.axelrudebeck.se\/biography.html\">Axel Rudebeck<\/a><br \/>\n<a href=\"http:\/\/www.panjajuergens.com\/panja.html\">Panja J\u00fcrgens<\/a><br \/>\n<a href=\"http:\/\/www.artists.de\/aliftig.html\">Anja Liftig<\/a><br \/>\n<a href=\"http:\/\/www.andersforslund.se\/page9\/page9.html\">Anders Forslund<\/a><br \/>\n<a href=\"http:\/\/www.pytheasmusic.org\/coates_gloria.html\">Gloria Coates<\/a><br \/>\n<a href=\"http:\/\/fe.tv\/artists\/maske.php?id=253\">of the earth<\/a><\/p>\n<p>&nbsp;<\/p>\n<p>&nbsp;<\/p>\n<h4>Netzwerke<\/h4>\n<p>&nbsp;<\/p>\n<p><a href=\"http:\/\/www.ramsauer.no-art.info\/activitaeten.html\">no-art<\/a><br \/>\n<a href=\"http:\/\/aacorn.net\/members.html\">aacorn<\/a><br \/>\n<a href=\"http:\/\/www.smackmellon.org\/index.php\/events\/past_events\/kentucky_derby_party_and_art_auction_benefit_2001\/art_auction_benefit_2007_birgit_ramsauer\/\">smack mellon<\/a><br \/>\n<a href=\"http:\/\/www.kolodzei.org\/birgit_ramsauer.html\">Kolodzei Foundation USA<\/a><br \/>\n<a href=\"http:\/\/www.invaluable.com\/artist\/ramsauer-birgit-lh3i0aq812\">invaluable<\/a><br \/>\n<a href=\"https:\/\/www.saatchiart.com\/account\/profile\/178163\">saatchiart<\/a><br \/>\n<a href=\"https:\/\/www.flickr.com\/photos\/disk_ctm\/3444102417\">flickr<\/a><br \/>\n<a href=\"http:\/\/www.openpr.de\/news\/348384\/Birgit-Ramsauer-Himmelssuechtig-Mit-Paula-Modersohn-Becker-in-Paris-Leuchtarbeiten.html\">Monopol magazin<\/a><br \/>\n<a href=\"http:\/\/www.seismograf.ch\/seismograf.html\">seismograf<\/a><br \/>\n<a href=\"http:\/\/www.yumpu.com\/de\/document\/view\/9650211\/jarg-geismar-till-hohn-birgit-ramsauer-carl-skelton-7hours\">7hours<\/a><br \/>\n<a href=\"http:\/\/www.artnews.de\/kuenstler.php?kunst=Birgit_Ramsauer\">artnews<\/a><br \/>\n<a href=\"http:\/\/www.facebook.com\/birgitramsauer\">facebook<\/a><br \/>\n<a href=\"http:\/\/www.zukunfstbau.de\/et_dynamic\/page_files\/1068_datei.pdf?1426084808\">FFF_K Festival<\/a><br \/>\n<a href=\"http:\/\/www.kuenstler.nuernberg.de\/index.php?\">N\u00fcrnberg K\u00fcnstler<\/a><\/p>\n<p>&nbsp;<\/p>\n<p>&nbsp;<\/p>\n<h4>Kritiken \/ Portraits<\/h4>\n<p>&nbsp;<\/p>\n<p><a href=\"http:\/\/www.arsenal-berlin.de\/nc\/berlinale-forum\/archiv\/katalogblaetter\/action\/open-download\/download\/die-legende-vom-potsdamer-platz.html\">arsenal-berlin<\/a><br \/>\n<a href=\"http:\/\/www.old.mdz-moskau.eu\/kunstisteinseismografdergesellschaft\/\">Moskauer Deutsche Zeitung<\/a><br \/>\n<a href=\"http:\/\/www.russland.news\/mos0010\/morenews.php?iditem=105\">russland.news<\/a><br \/>\n<a href=\"http:\/\/kulturmanagement.net\/beitraege\/prm\/39\/v_d\/ni_2100\/index.html\">kulturmanagement<\/a><br \/>\n<a href=\"http:\/\/kunstforum.de\/inhaltsverzeichnis.aspx?band=172\">kunstforum<\/a><br \/>\n<a href=\"http:\/\/www.youtube.com\/user\/BirgitRamsauer\">youtube<\/a><br \/>\n<a href=\"http:\/\/www.artipool.de\/ansicht.cfm?museumsID=2450\">artipool<\/a><br \/>\n<a href=\"http:\/\/www.tip-berlin.de\/kunstkopf-birgit-ramsauer\/\">tip berlin<\/a><br \/>\n<a href=\"http:\/\/archiv.monopol-magazin.de\/kalender\/termin\/20101007\/galerie-open\/Birgit-Ramsauer-Maulwuerfe-Koerperinterventionen-in-Architektur.html\">monopol magazin<\/a><br \/>\n<a href=\"http:\/\/www.tape-art.de\/post\/167546327499\/tiefgehende-tape-spuren-von-ramsauers-kunst\" target=\"_blank\" rel=\"noopener\">Tape art interview dt.<\/a><br \/>\n<a href=\"http:\/\/tapeart.blog\/post\/167557339225\/performance-artist-ramsauer-in-conversation\" target=\"_blank\" rel=\"noopener\">Tape art Interview en.<\/a><a href=\"http:\/\/archiv.monopol-magazin.de\/kalender\/termin\/20101007\/galerie-open\/Birgit-Ramsauer-Maulwuerfe-Koerperinterventionen-in-Architektur.html\"><br \/>\n<\/a> <a href=\"http:\/\/www.now.de\/lokales\/meppen\/artikel\/346641\/das-leben-poetischer-machen\">now<\/a><br \/>\n<a href=\"http:\/\/berlin-ist.de\/index.php5?node_id=392&amp;lang_id=1\">berlin-ist.de<\/a><br \/>\n<a href=\"http:\/\/www.birtehoelscherart.com\/schauplaetze\/\">Kulturrathaus Worpswede<\/a><br \/>\n<a href=\"http:\/\/www.maerkische-heide.de\/default.aspx?ID=188&amp;DetailD=540\" target=\"_blank\" rel=\"noopener noreferrer\">Maerkische Heide<\/a><br \/>\n<a href=\"http:\/\/www.alt.globe-m.de\/de\/users\/birgit-ramsauer\">globe m<\/a><br \/>\n<a href=\"http:\/\/www.nordbayern.de\/kultur\/sonderschau-des-nn-kunstpreises-1.687085\">Nordbayrische Nachrichten<\/a><br \/>\n<a href=\"http:\/\/www.edilau.de\/frauenweltweit\/index_frauenliteraturundKunst.html\">Frauenweltweit<\/a><br \/>\n<a href=\"http:\/\/www.van-ham.com\/datenbank-archiv\/datenbank\/brigit-ramsauer\/unwetter-3-arbeiten.html\">Van Ham Versteigerungshaus<\/a><br \/>\n<a href=\"http:\/\/www.pnn.de\/potsdam-kultur\/666174\/\">potsdam neueste nachrichten<\/a><br \/>\n<a href=\"http:\/\/tommoody.us\/html\/tree\/freightelevator.htm\">tommoody<\/a><br \/>\n<a href=\"http:\/\/fadmagazine.com\/2009\/09\/04\/yvon-lambert-paris-art-protects-present-an-exhibition-in-support-of-the-fight-against-aids-5th-and-6th-september\/\">fadmagazine Paris<\/a><br \/>\n<a href=\"http:\/\/www.brunomagazin.de\/05\/index.html#\/28\" target=\"_blank\" rel=\"noopener\">Bruno Magazin<\/a><\/p>\n<p>.<\/p>\n<p>.<\/p>\n<h4>Lehre \/ Jury<\/h4>\n<p>.<\/p>\n<p><a href=\"http:\/\/www.hks-ottersberg.de\/hochschule\/lehrende\/Birgit-Ramsauer.php\">Hochschule Ottersberg<\/a><br \/>\n<a href=\"http:\/\/shortfilm.com\/index.php?id=1201&amp;L=1&amp;tx_ttnews%5BpS%5D=1354379815&amp;tx_ttnews%5Btt_news%5D=1342&amp;tx_ttnews%5BbackPid%5D=1199&amp;cHash=b561d7df82713c93bf1f89bf1d6b8905\" target=\"_blank\" rel=\"noopener\">kurzfilmfestival hamburg<\/a><br \/>\n<a href=\"http:\/\/www.birgitramsauer.net\/spinet\/event\/Spinetbooklet.pdf\" target=\"_blank\" rel=\"noopener\">the Cooper Union<\/a><br \/>\n<a href=\"http:\/\/festival.shortfilm.com\/fileadmin\/ikff2012\/inhalte\/IKFFHamburg_Cat_2012.pdf\">Internationales Short Film festival Hamburg<\/a><br \/>\n<a href=\"http:\/\/www.adbk-nuernberg.de\/KALENDER\/2007\/ramsauer.html\">Akademie der K\u00fcnste N\u00fcrnberg<\/a><\/p>\n<p>.<\/p>\n<p>.<\/p>\n<h4>Sammlungen \/ Preise<\/h4>\n<p>&nbsp;<\/p>\n<p><a href=\"http:\/\/www.onetz.de\/sulzbach-rosenberg\/kultur\/literatur-sommerfest-loickt-am-2-und-3-juli-zum-literaturhaus-oberpfalz-lesungen-gespraeche-frische-luft-d8899995.html\">Literaturhaus Sulzbach Rosenberg<\/a><br \/>\n<a href=\"http:\/\/www.historisches-franken.de\/staatskanzlei\/06ramsauer.htm\">Staatskanzlei M\u00fcnchen<\/a><br \/>\n<a href=\"http:\/\/www.joana-brouwer.de\/n-e-u-i-g-k-e-i-t-e-n\/archiv\/index.html\">Joana Brouwer<\/a><br \/>\n<a href=\"http:\/\/www.staedtischegalerie-bremen.de\/archiv\/archiv-2007\/himmelssuechtig-bramsauerasinn.html\">St\u00e4dtische Galerie Bremen<\/a><br \/>\n<a href=\"http:\/\/ww2.smb.museum\/smb\/media\/event\/15101\/Auktionskatalog\">Stiftung Museen Berlin<\/a><br \/>\n<a href=\"http:\/\/daim.org\/site\/2015\/11\/17-art-auction-for-foundation-ueberleben\/\">Stiftung f\u00fcr Folteropfer Berlin<\/a><br \/>\n<a href=\"http:\/\/www.fuerth.de\/kunstgaleriefuerth\/desktopdefault.aspx\/tabid-534\/911_read-15797\/\">St\u00e4dtische Kunstgalerie F\u00fcrth<\/a><br \/>\n<a href=\"http:\/\/www.artothek-online.de\/kunst.html?r-u\" target=\"_blank\" rel=\"noopener\">Arthothek N\u00fcrnberg<\/a><\/p>\n","protected":false},"excerpt":{"rendered":"<p>Ausstellungsorte\/Museen\/Galerien . &nbsp; artfein galerie berlin anstelle von Landschaft fff_k festival direktorenhaus illustrate Internationales M\u00fcnchner Kunstfilmfestival Gerhard Marcks Haus, Bremen Galerie Guelman, Moskau DNA Galerie Berlin DNA walk the wall Galeriehaus Nord, N\u00fcrnberg Illustrative, Direktorenhaus, Berlin Darmst\u00e4dter Sezession artificial images Galerie, Berlin 7hours Museum f\u00fcr moderne Kunst Moskau Galerie artscouts Berlin Kulturhauptstadt Linz Tage neue [&hellip;]<\/p>\n","protected":false},"author":1,"featured_media":0,"parent":43,"menu_order":50,"comment_status":"closed","ping_status":"closed","template":"links.php","meta":{"ngg_post_thumbnail":0,"_links_to":"","_links_to_target":""},"_links":{"self":[{"href":"http:\/\/www.birgitramsauer.net\/mbr\/wp-json\/wp\/v2\/pages\/132"}],"collection":[{"href":"http:\/\/www.birgitramsauer.net\/mbr\/wp-json\/wp\/v2\/pages"}],"about":[{"href":"http:\/\/www.birgitramsauer.net\/mbr\/wp-json\/wp\/v2\/types\/page"}],"author":[{"embeddable":true,"href":"http:\/\/www.birgitramsauer.net\/mbr\/wp-json\/wp\/v2\/users\/1"}],"replies":[{"embeddable":true,"href":"http:\/\/www.birgitramsauer.net\/mbr\/wp-json\/wp\/v2\/comments?post=132"}],"version-history":[{"count":61,"href":"http:\/\/www.birgitramsauer.net\/mbr\/wp-json\/wp\/v2\/pages\/132\/revisions"}],"predecessor-version":[{"id":1290,"href":"http:\/\/www.birgitramsauer.net\/mbr\/wp-json\/wp\/v2\/pages\/132\/revisions\/1290"}],"up":[{"embeddable":true,"href":"http:\/\/www.birgitramsauer.net\/mbr\/wp-json\/wp\/v2\/pages\/43"}],"wp:attachment":[{"href":"http:\/\/www.birgitramsauer.net\/mbr\/wp-json\/wp\/v2\/media?parent=132"}],"curies":[{"name":"wp","href":"https:\/\/api.w.org\/{rel}","templated":true}]}}