{"id":128,"date":"2016-08-27T15:43:49","date_gmt":"2016-08-27T13:43:49","guid":{"rendered":"http:\/\/www.birgitramsauer.net\/mbr\/?page_id=128"},"modified":"2016-09-06T13:38:42","modified_gmt":"2016-09-06T11:38:42","slug":"artist-statement","status":"publish","type":"page","link":"http:\/\/www.birgitramsauer.net\/mbr\/about\/artist-statement\/","title":{"rendered":"artist statement"},"content":{"rendered":"<h4>Zu meiner Arbeit<br \/>\n \u00a0<\/h4>\n<p>1962 in Deutschland geboren. Seit 1992 lebe ich in Berlin und New York.<br \/>\n \u00a0<\/p>\n<p> Ich verstehe mich im wesentlichen als Performancek\u00fcnstlerin, die nicht nur den eigenen K\u00f6rper und die eigene Pers\u00f6nlichkeit in unterschiedliche gesellschaftliche Zusammenh\u00e4nge stellt, sondern auch bewusst sichtbare Spuren hinterl\u00e4sst. In der Tradition der amerikanischen und deutschen Performance Art, greife ich in fremde Kontexte ein und markiere die zuf\u00e4lligen Markierungen, die andere Menschen unbewusst hinterlassen.<br \/>\n \u00a0<\/p>\n<p>In meinen Performances agiere ich als Moderatorin und visuelle \u00dcbersetzerin von allt\u00e4glichen, eher unscheinbaren menschlichen Handlungen, die sich \u00fcberall auf der Welt abspielen k\u00f6nnen. Dabei betreibe ich mit den \u201eSpurensicherungen\u201c auf mehreren Ebenen eine Art kulturspezifische Analyse, denn dem eigentlichen Akt der Performance geht immer eine ausf\u00fchrliche Studie der R\u00e4ume und Gesellschaft voraus. <\/p>\n","protected":false},"excerpt":{"rendered":"<p>Zu meiner Arbeit \u00a0 1962 in Deutschland geboren. Seit 1992 lebe ich in Berlin und New York. \u00a0 Ich verstehe mich im wesentlichen als Performancek\u00fcnstlerin, die nicht nur den eigenen K\u00f6rper und die eigene Pers\u00f6nlichkeit in unterschiedliche gesellschaftliche Zusammenh\u00e4nge stellt, sondern auch bewusst sichtbare Spuren hinterl\u00e4sst. In der Tradition der amerikanischen und deutschen Performance Art, [&hellip;]<\/p>\n","protected":false},"author":1,"featured_media":0,"parent":43,"menu_order":30,"comment_status":"closed","ping_status":"closed","template":"text-mitte.php","meta":{"ngg_post_thumbnail":0,"_links_to":"","_links_to_target":""},"_links":{"self":[{"href":"http:\/\/www.birgitramsauer.net\/mbr\/wp-json\/wp\/v2\/pages\/128"}],"collection":[{"href":"http:\/\/www.birgitramsauer.net\/mbr\/wp-json\/wp\/v2\/pages"}],"about":[{"href":"http:\/\/www.birgitramsauer.net\/mbr\/wp-json\/wp\/v2\/types\/page"}],"author":[{"embeddable":true,"href":"http:\/\/www.birgitramsauer.net\/mbr\/wp-json\/wp\/v2\/users\/1"}],"replies":[{"embeddable":true,"href":"http:\/\/www.birgitramsauer.net\/mbr\/wp-json\/wp\/v2\/comments?post=128"}],"version-history":[{"count":13,"href":"http:\/\/www.birgitramsauer.net\/mbr\/wp-json\/wp\/v2\/pages\/128\/revisions"}],"predecessor-version":[{"id":574,"href":"http:\/\/www.birgitramsauer.net\/mbr\/wp-json\/wp\/v2\/pages\/128\/revisions\/574"}],"up":[{"embeddable":true,"href":"http:\/\/www.birgitramsauer.net\/mbr\/wp-json\/wp\/v2\/pages\/43"}],"wp:attachment":[{"href":"http:\/\/www.birgitramsauer.net\/mbr\/wp-json\/wp\/v2\/media?parent=128"}],"curies":[{"name":"wp","href":"https:\/\/api.w.org\/{rel}","templated":true}]}}