{"id":126,"date":"2016-08-27T15:42:51","date_gmt":"2016-08-27T13:42:51","guid":{"rendered":"http:\/\/www.birgitramsauer.net\/mbr\/?page_id=126"},"modified":"2016-09-06T20:32:45","modified_gmt":"2016-09-06T18:32:45","slug":"publikationen","status":"publish","type":"page","link":"http:\/\/www.birgitramsauer.net\/mbr\/about\/publikationen\/","title":{"rendered":"Publikationen"},"content":{"rendered":"<h4>Publikationen<\/h4>\n<p>&nbsp;<\/p>\n<p>&nbsp;<\/p>\n<table style=\"height: 237px; width: 610.75px;\">\n<tbody>\n<tr>\n<td style=\"width: 104px; vertical-align: top;\"><strong>Buch<\/strong><\/td>\n<td style=\"width: 500.75px;\"><a href=\"https:\/\/www.amazon.de\/Himmelss%C3%BCchtig-Mit-Paula-Modersohn-Becker-Paris\/dp\/3927155896\" target=\"_blank\">&#8220;Himmelss\u00fcchtig &#8211; Mit Paula Modersohn- Becker in Paris&#8221;,<\/a> von Birgit Ramsauer und Angelika Sinn, Kellner Verlag Bremen<\/td>\n<\/tr>\n<tr>\n<td style=\"width: 104px;\">\u00a0<\/td>\n<td style=\"width: 500.75px;\">\u00a0<\/td>\n<\/tr>\n<tr>\n<td style=\"width: 104px; vertical-align: top;\"><strong>Kataloge<\/strong><\/td>\n<td style=\"width: 500.75px;\">\n<p>\n<a href=\"http:\/\/www.arpmuseum.org\/\">Gruppe, B\u00fchnenreif 1.Akt, Arp Museum <\/a><\/p>\n<p>Gruppe, &#8220;superperformances&#8221;, le forum itin\u00e9rant, Strassbourg<br \/>\n <a href=\"http:\/\/www.artresourcestransfer.org\/\">Einzel, &#8220;Artist File&#8221;, Art Resources Transfer, NYC<\/a><br \/>\n Einzel, &#8220;JWD&#8221;, St\u00e4dtische Gallerie Bremen und K\u00fcnstlerh\u00e4user Worpswede<br \/>\n <a href=\"http:\/\/www.insideout-berlin.de\/deutsch\/programm_performance13.html\">Gruppe, InsideOut, 5. Festival der modernen Kunst, Aktionsgallerie und Neue Aktionsgalerie <\/a><br \/>\n Gruppe, Rhythmen der Nacht, Gallerie 561, Landshut, Germany<br \/>\n <a href=\"https:\/\/www.amazon.com\/Art-Home-Less-Birgit-Ramsauer\/dp\/0923183280\">Einzel, &#8220;ART : HOME &#8212; LESS&#8221;, N\u00fcrnberg, 2001, B. Ramsauer, Albrecht D\u00fcrer Gesellschaft \/ A.R.T. Press <\/a><br \/>\n <a href=\"http:\/\/www.kurt-eisner-kulturstiftung.de\/\">Gruppe, M\u00fcnchen, Kurt- Eisner-Stiftung, 2001 <\/a><br \/>\n <a href=\"http:\/\/www.darmstaedtersezession.de\/veranstaltung\/jahresausstellung-2001\/sezessionspreis-2001\/\">Gruppe, &#8220;Jahresausstellung der Darmst\u00e4dter Sezession&#8221;, Darmstadt, 2001<\/a><br \/>\n Gruppe, &#8220;Knaupp &amp; Co&#8221;, Tillikaserne, &#8220;HUSH!&#8221;, N\u00fcrnberg, 2001<br \/>\n <a href=\"http:\/\/www.artcircolo.de\/projekte\/moskau.htm\">Gruppe, &#8220;2115 km&#8221;, &#8220;HUSH!&#8221;, aktuelle Kunst aus Bayern, Museum of Contemporary Art, Moskau, Russland, 2001<\/a><br \/>\n Gruppe, &#8220;..Und ab die Post 2000&#8221;, viertes Festival junger experimenteller Kunst, Aktionsgalerie, Postfuhramt, Berlin 2000<br \/>\n <a href=\"http:\/\/www.historisches-franken.de\/staatskanzlei\/06ramsauer.htm\">Gruppe, &#8220;Junge K\u00fcnstler stellen aus&#8221;, Bayerische Staatskanzlei, M\u00fcnchen 1997<\/a><br \/>\n Gruppe, &#8220;Transitions&#8221;, Nuremberg, Dr. Maria Kreutzer (Berlin), N\u00fcrnberg 1996<br \/>\n Gruppe, &#8220;X-treme&#8221;, Galerie &#8220;Schwarzes X&#8221;, N\u00fcrnberg, 1995<br \/>\n Gruppe, &#8220;Dannerpreis&#8221;, N\u00fcrnberg, 1995<br \/>\n Einzel, &#8220;Pieces of Memory&#8221;, G. Braunsberg, Leiter des Kunstvereins N\u00fcrnberg, NYC, N\u00fcrnberg 1994<br \/>\n Gruppe. &#8220;Kunst &#8217;91&#8221;, Haus der Kunst, M\u00fcnchen, 1991<\/p>\n<p>Einzel, &#8220;Musik und Architektur&#8221;, N\u00fcrnberg, 1991, G. Braunsberg, Leiter des Kunstvereins N\u00fcrnberg<\/p>\n<\/td>\n<\/tr>\n<tr>\n<td style=\"width: 104px;\">\u00a0<\/td>\n<td style=\"width: 500.75px;\">\u00a0<\/td>\n<\/tr>\n<tr>\n<td style=\"width: 104px;\">\u00a0<\/td>\n<td style=\"width: 500.75px;\">\u00a0<\/td>\n<\/tr>\n<tr>\n<td style=\"width: 104px;\">\u00a0<\/td>\n<td style=\"width: 500.75px;\">\u00a0<\/td>\n<\/tr>\n<tr>\n<td style=\"width: 104px;\">\u00a0<\/td>\n<td style=\"width: 500.75px;\">\u00a0<\/td>\n<\/tr>\n<tr>\n<td style=\"width: 104px;\">\u00a0<\/td>\n<td style=\"width: 500.75px;\">\u00a0<\/td>\n<\/tr>\n<tr>\n<td style=\"width: 104px;\">\u00a0<\/td>\n<td style=\"width: 500.75px;\">\u00a0<\/td>\n<\/tr>\n<tr>\n<td style=\"width: 104px;\">\u00a0<\/td>\n<td style=\"width: 500.75px;\">\u00a0<\/td>\n<\/tr>\n<tr>\n<td style=\"width: 104px;\">\u00a0<\/td>\n<td style=\"width: 500.75px;\">\u00a0<\/td>\n<\/tr>\n<\/tbody>\n<\/table>\n<p>&nbsp;<\/p>\n","protected":false},"excerpt":{"rendered":"<p>Publikationen &nbsp; &nbsp; Buch &#8220;Himmelss\u00fcchtig &#8211; Mit Paula Modersohn- Becker in Paris&#8221;, von Birgit Ramsauer und Angelika Sinn, Kellner Verlag Bremen \u00a0 \u00a0 Kataloge Gruppe, B\u00fchnenreif 1.Akt, Arp Museum Gruppe, &#8220;superperformances&#8221;, le forum itin\u00e9rant, Strassbourg Einzel, &#8220;Artist File&#8221;, Art Resources Transfer, NYC Einzel, &#8220;JWD&#8221;, St\u00e4dtische Gallerie Bremen und K\u00fcnstlerh\u00e4user Worpswede Gruppe, InsideOut, 5. Festival der [&hellip;]<\/p>\n","protected":false},"author":1,"featured_media":0,"parent":43,"menu_order":20,"comment_status":"closed","ping_status":"closed","template":"text-mitte.php","meta":{"ngg_post_thumbnail":0,"_links_to":"","_links_to_target":""},"_links":{"self":[{"href":"http:\/\/www.birgitramsauer.net\/mbr\/wp-json\/wp\/v2\/pages\/126"}],"collection":[{"href":"http:\/\/www.birgitramsauer.net\/mbr\/wp-json\/wp\/v2\/pages"}],"about":[{"href":"http:\/\/www.birgitramsauer.net\/mbr\/wp-json\/wp\/v2\/types\/page"}],"author":[{"embeddable":true,"href":"http:\/\/www.birgitramsauer.net\/mbr\/wp-json\/wp\/v2\/users\/1"}],"replies":[{"embeddable":true,"href":"http:\/\/www.birgitramsauer.net\/mbr\/wp-json\/wp\/v2\/comments?post=126"}],"version-history":[{"count":18,"href":"http:\/\/www.birgitramsauer.net\/mbr\/wp-json\/wp\/v2\/pages\/126\/revisions"}],"predecessor-version":[{"id":590,"href":"http:\/\/www.birgitramsauer.net\/mbr\/wp-json\/wp\/v2\/pages\/126\/revisions\/590"}],"up":[{"embeddable":true,"href":"http:\/\/www.birgitramsauer.net\/mbr\/wp-json\/wp\/v2\/pages\/43"}],"wp:attachment":[{"href":"http:\/\/www.birgitramsauer.net\/mbr\/wp-json\/wp\/v2\/media?parent=126"}],"curies":[{"name":"wp","href":"https:\/\/api.w.org\/{rel}","templated":true}]}}